{"id":170,"date":"2018-10-02T04:11:56","date_gmt":"2018-10-02T04:11:56","guid":{"rendered":"http:\/\/demo.theme-junkie.com\/showbook\/?page_id=170"},"modified":"2022-09-22T15:13:10","modified_gmt":"2022-09-22T15:13:10","slug":"about","status":"publish","type":"page","link":"https:\/\/artsyamani.com\/fr\/about\/","title":{"rendered":"A propos"},"content":{"rendered":"<div data-elementor-type=\"wp-post\" data-elementor-id=\"170\" class=\"elementor elementor-170\">\n\t\t\t\t\t\t<section class=\"elementor-section elementor-top-section elementor-element elementor-element-269508a0 elementor-section-boxed elementor-section-height-default elementor-section-height-default\" data-id=\"269508a0\" data-element_type=\"section\" data-e-type=\"section\" data-settings=\"{&quot;background_background&quot;:&quot;classic&quot;}\">\n\t\t\t\t\t\t\t<div class=\"elementor-background-overlay\"><\/div>\n\t\t\t\t\t\t\t<div class=\"elementor-container elementor-column-gap-default\">\n\t\t\t\t\t<div class=\"elementor-column elementor-col-100 elementor-top-column elementor-element elementor-element-26705535\" data-id=\"26705535\" data-element_type=\"column\" data-e-type=\"column\">\n\t\t\t<div class=\"elementor-widget-wrap elementor-element-populated\">\n\t\t\t\t\t\t<div class=\"elementor-element elementor-element-6b4b9920 elementor-widget elementor-widget-text-editor\" data-id=\"6b4b9920\" data-element_type=\"widget\" data-e-type=\"widget\" data-widget_type=\"text-editor.default\">\n\t\t\t\t<div class=\"elementor-widget-container\">\n\t\t\t\t\t\t\t\t\t<p>\u00c0 propos de moi<\/p>\t\t\t\t\t\t\t\t<\/div>\n\t\t\t\t<\/div>\n\t\t\t\t<div class=\"elementor-element elementor-element-512a2963 elementor-widget elementor-widget-heading\" data-id=\"512a2963\" data-element_type=\"widget\" data-e-type=\"widget\" data-widget_type=\"heading.default\">\n\t\t\t\t<div class=\"elementor-widget-container\">\n\t\t\t\t\t<h2 class=\"elementor-heading-title elementor-size-default\">D\u00e9couvre mon histoire<\/h2>\t\t\t\t<\/div>\n\t\t\t\t<\/div>\n\t\t\t\t\t<\/div>\n\t\t<\/div>\n\t\t\t\t\t<\/div>\n\t\t<\/section>\n\t\t\t\t<section class=\"elementor-section elementor-top-section elementor-element elementor-element-caf8610 elementor-section-boxed elementor-section-height-default elementor-section-height-default\" data-id=\"caf8610\" data-element_type=\"section\" data-e-type=\"section\">\n\t\t\t\t\t\t<div class=\"elementor-container elementor-column-gap-default\">\n\t\t\t\t\t<div class=\"elementor-column elementor-col-100 elementor-top-column elementor-element elementor-element-452bf17\" data-id=\"452bf17\" data-element_type=\"column\" data-e-type=\"column\">\n\t\t\t<div class=\"elementor-widget-wrap elementor-element-populated\">\n\t\t\t\t\t\t<div class=\"elementor-element elementor-element-fb50cee elementor-widget elementor-widget-spacer\" data-id=\"fb50cee\" data-element_type=\"widget\" data-e-type=\"widget\" data-widget_type=\"spacer.default\">\n\t\t\t\t<div class=\"elementor-widget-container\">\n\t\t\t\t\t\t\t<div class=\"elementor-spacer\">\n\t\t\t<div class=\"elementor-spacer-inner\"><\/div>\n\t\t<\/div>\n\t\t\t\t\t\t<\/div>\n\t\t\t\t<\/div>\n\t\t\t\t\t<\/div>\n\t\t<\/div>\n\t\t\t\t\t<\/div>\n\t\t<\/section>\n\t\t\t\t<section class=\"elementor-section elementor-top-section elementor-element elementor-element-5ba1842 elementor-section-boxed elementor-section-height-default elementor-section-height-default elementor-invisible\" data-id=\"5ba1842\" data-element_type=\"section\" data-e-type=\"section\" data-settings=\"{&quot;animation&quot;:&quot;fadeInUp&quot;}\">\n\t\t\t\t\t\t<div class=\"elementor-container elementor-column-gap-default\">\n\t\t\t\t\t<div class=\"elementor-column elementor-col-100 elementor-top-column elementor-element elementor-element-b40304b\" data-id=\"b40304b\" data-element_type=\"column\" data-e-type=\"column\">\n\t\t\t<div class=\"elementor-widget-wrap elementor-element-populated\">\n\t\t\t\t\t\t<div class=\"elementor-element elementor-element-4015955 elementor-invisible elementor-widget elementor-widget-heading\" data-id=\"4015955\" data-element_type=\"widget\" data-e-type=\"widget\" data-settings=\"{&quot;_animation&quot;:&quot;fadeInUp&quot;}\" data-widget_type=\"heading.default\">\n\t\t\t\t<div class=\"elementor-widget-container\">\n\t\t\t\t\t<h2 class=\"elementor-heading-title elementor-size-default\">O\u00f9 \u00e7'a commenc\u00e9...<\/h2>\t\t\t\t<\/div>\n\t\t\t\t<\/div>\n\t\t\t\t\t<\/div>\n\t\t<\/div>\n\t\t\t\t\t<\/div>\n\t\t<\/section>\n\t\t\t\t<section class=\"elementor-section elementor-top-section elementor-element elementor-element-c08a510 elementor-section-height-min-height elementor-section-boxed elementor-section-height-default elementor-section-items-middle elementor-invisible\" data-id=\"c08a510\" data-element_type=\"section\" data-e-type=\"section\" data-settings=\"{&quot;background_background&quot;:&quot;classic&quot;,&quot;animation&quot;:&quot;fadeInUp&quot;}\">\n\t\t\t\t\t\t<div class=\"elementor-container elementor-column-gap-default\">\n\t\t\t\t\t<div class=\"elementor-column elementor-col-50 elementor-top-column elementor-element elementor-element-db15348\" data-id=\"db15348\" data-element_type=\"column\" data-e-type=\"column\" data-settings=\"{&quot;animation&quot;:&quot;none&quot;}\">\n\t\t\t<div class=\"elementor-widget-wrap elementor-element-populated\">\n\t\t\t\t\t\t<div class=\"elementor-element elementor-element-1bc7ac3 elementor-widget elementor-widget-text-editor\" data-id=\"1bc7ac3\" data-element_type=\"widget\" data-e-type=\"widget\" data-widget_type=\"text-editor.default\">\n\t\t\t\t<div class=\"elementor-widget-container\">\n\t\t\t\t\t\t\t\t\t<p>N\u00e9e d'un p\u00e8re congolais et d'une m\u00e8re kenyane dans la m\u00e9tropole de Montr\u00e9al, je ne savais parfois pas comment r\u00e9pondre lorsqu'on me demandait d'o\u00f9 je venais. J'ai grandi en jonglant plusieurs identit\u00e9s, mais j'ai toujours trouv\u00e9 un port d'attache dans l'art. J'ai tenu fermement mes crayons depuis la garderie et je ne me suis jamais s\u00e9par\u00e9e du dessin. Au fil des ans, j'ai essay\u00e9 divers m\u00e9diums, notamment le sketch, l'acrylique et un peu d'aquarelle, avant de trouver ma zone de confort dans l'art num\u00e9rique. J'ai d\u00e9cid\u00e9 d'utiliser le talent que Dieu m'a donn\u00e9 pour cr\u00e9er de l'art qui s'aligne avec mes valeurs chr\u00e9tiennes.<\/p>\t\t\t\t\t\t\t\t<\/div>\n\t\t\t\t<\/div>\n\t\t\t\t\t<\/div>\n\t\t<\/div>\n\t\t\t\t<div class=\"elementor-column elementor-col-50 elementor-top-column elementor-element elementor-element-b46d7b5\" data-id=\"b46d7b5\" data-element_type=\"column\" data-e-type=\"column\" data-settings=\"{&quot;animation&quot;:&quot;none&quot;}\">\n\t\t\t<div class=\"elementor-widget-wrap elementor-element-populated\">\n\t\t\t\t\t\t<div class=\"elementor-element elementor-element-cb3e69b elementor-widget elementor-widget-image\" data-id=\"cb3e69b\" data-element_type=\"widget\" data-e-type=\"widget\" data-widget_type=\"image.default\">\n\t\t\t\t<div class=\"elementor-widget-container\">\n\t\t\t\t\t\t\t\t\t\t\t\t\t\t\t<img fetchpriority=\"high\" decoding=\"async\" width=\"820\" height=\"942\" src=\"https:\/\/artsyamani.com\/wp-content\/uploads\/2022\/07\/20220727_204023_2-891x1024.jpg\" class=\"attachment-large size-large wp-image-3215\" alt=\"Picture of me drawing as a child\" srcset=\"https:\/\/artsyamani.com\/wp-content\/uploads\/2022\/07\/20220727_204023_2-891x1024.jpg 891w, https:\/\/artsyamani.com\/wp-content\/uploads\/2022\/07\/20220727_204023_2-261x300.jpg 261w, https:\/\/artsyamani.com\/wp-content\/uploads\/2022\/07\/20220727_204023_2-768x882.jpg 768w, https:\/\/artsyamani.com\/wp-content\/uploads\/2022\/07\/20220727_204023_2-1337x1536.jpg 1337w, https:\/\/artsyamani.com\/wp-content\/uploads\/2022\/07\/20220727_204023_2-1783x2048.jpg 1783w, https:\/\/artsyamani.com\/wp-content\/uploads\/2022\/07\/20220727_204023_2-600x689.jpg 600w, https:\/\/artsyamani.com\/wp-content\/uploads\/2022\/07\/20220727_204023_2.jpg 1836w\" sizes=\"(max-width: 820px) 100vw, 820px\" \/>\t\t\t\t\t\t\t\t\t\t\t\t\t\t\t<\/div>\n\t\t\t\t<\/div>\n\t\t\t\t\t<\/div>\n\t\t<\/div>\n\t\t\t\t\t<\/div>\n\t\t<\/section>\n\t\t\t\t<section class=\"elementor-section elementor-top-section elementor-element elementor-element-b42ae78 elementor-section-full_width elementor-section-height-default elementor-section-height-default\" data-id=\"b42ae78\" data-element_type=\"section\" data-e-type=\"section\">\n\t\t\t\t\t\t<div class=\"elementor-container elementor-column-gap-no\">\n\t\t\t\t\t<div class=\"elementor-column elementor-col-100 elementor-top-column elementor-element elementor-element-99435fe\" data-id=\"99435fe\" data-element_type=\"column\" data-e-type=\"column\">\n\t\t\t<div class=\"elementor-widget-wrap elementor-element-populated\">\n\t\t\t\t\t\t<div class=\"elementor-element elementor-element-b05ec13 elementor-widget-divider--view-line elementor-widget elementor-widget-divider\" data-id=\"b05ec13\" data-element_type=\"widget\" data-e-type=\"widget\" data-widget_type=\"divider.default\">\n\t\t\t\t<div class=\"elementor-widget-container\">\n\t\t\t\t\t\t\t<div class=\"elementor-divider\">\n\t\t\t<span class=\"elementor-divider-separator\">\n\t\t\t\t\t\t<\/span>\n\t\t<\/div>\n\t\t\t\t\t\t<\/div>\n\t\t\t\t<\/div>\n\t\t\t\t\t<\/div>\n\t\t<\/div>\n\t\t\t\t\t<\/div>\n\t\t<\/section>\n\t\t\t\t<section class=\"elementor-section elementor-top-section elementor-element elementor-element-abea079 elementor-section-boxed elementor-section-height-default elementor-section-height-default elementor-invisible\" data-id=\"abea079\" data-element_type=\"section\" data-e-type=\"section\" data-settings=\"{&quot;animation&quot;:&quot;fadeInUp&quot;}\">\n\t\t\t\t\t\t<div class=\"elementor-container elementor-column-gap-default\">\n\t\t\t\t\t<div class=\"elementor-column elementor-col-100 elementor-top-column elementor-element elementor-element-3a86343\" data-id=\"3a86343\" data-element_type=\"column\" data-e-type=\"column\">\n\t\t\t<div class=\"elementor-widget-wrap elementor-element-populated\">\n\t\t\t\t\t\t<div class=\"elementor-element elementor-element-638413e elementor-widget elementor-widget-heading\" data-id=\"638413e\" data-element_type=\"widget\" data-e-type=\"widget\" data-widget_type=\"heading.default\">\n\t\t\t\t<div class=\"elementor-widget-container\">\n\t\t\t\t\t<h2 class=\"elementor-heading-title elementor-size-default\">...o\u00f9 \u00e7a s'en va<\/h2>\t\t\t\t<\/div>\n\t\t\t\t<\/div>\n\t\t\t\t\t<\/div>\n\t\t<\/div>\n\t\t\t\t\t<\/div>\n\t\t<\/section>\n\t\t\t\t<section class=\"elementor-section elementor-top-section elementor-element elementor-element-d06deb7 elementor-section-boxed elementor-section-height-default elementor-section-height-default elementor-invisible\" data-id=\"d06deb7\" data-element_type=\"section\" data-e-type=\"section\" data-settings=\"{&quot;background_background&quot;:&quot;classic&quot;,&quot;animation&quot;:&quot;fadeInUp&quot;}\">\n\t\t\t\t\t\t<div class=\"elementor-container elementor-column-gap-default\">\n\t\t\t\t\t<div class=\"elementor-column elementor-col-50 elementor-top-column elementor-element elementor-element-a1ddef9\" data-id=\"a1ddef9\" data-element_type=\"column\" data-e-type=\"column\" data-settings=\"{&quot;animation&quot;:&quot;none&quot;}\">\n\t\t\t<div class=\"elementor-widget-wrap elementor-element-populated\">\n\t\t\t\t\t\t<div class=\"elementor-element elementor-element-0c0a699 elementor-widget elementor-widget-image\" data-id=\"0c0a699\" data-element_type=\"widget\" data-e-type=\"widget\" data-widget_type=\"image.default\">\n\t\t\t\t<div class=\"elementor-widget-container\">\n\t\t\t\t\t\t\t\t\t\t\t\t\t\t\t<img decoding=\"async\" width=\"820\" height=\"820\" src=\"https:\/\/artsyamani.com\/wp-content\/uploads\/2022\/07\/website-photo-1-1024x1024.jpg\" class=\"attachment-large size-large wp-image-3188\" alt=\"Picture of me thinking\" srcset=\"https:\/\/artsyamani.com\/wp-content\/uploads\/2022\/07\/website-photo-1-1024x1024.jpg 1024w, https:\/\/artsyamani.com\/wp-content\/uploads\/2022\/07\/website-photo-1-300x300.jpg 300w, https:\/\/artsyamani.com\/wp-content\/uploads\/2022\/07\/website-photo-1-150x150.jpg 150w, https:\/\/artsyamani.com\/wp-content\/uploads\/2022\/07\/website-photo-1-768x768.jpg 768w, https:\/\/artsyamani.com\/wp-content\/uploads\/2022\/07\/website-photo-1-1536x1536.jpg 1536w\" sizes=\"(max-width: 820px) 100vw, 820px\" \/>\t\t\t\t\t\t\t\t\t\t\t\t\t\t\t<\/div>\n\t\t\t\t<\/div>\n\t\t\t\t\t<\/div>\n\t\t<\/div>\n\t\t\t\t<div class=\"elementor-column elementor-col-50 elementor-top-column elementor-element elementor-element-20d92ea\" data-id=\"20d92ea\" data-element_type=\"column\" data-e-type=\"column\" data-settings=\"{&quot;animation&quot;:&quot;none&quot;}\">\n\t\t\t<div class=\"elementor-widget-wrap elementor-element-populated\">\n\t\t\t\t\t\t<div class=\"elementor-element elementor-element-bbf5907 elementor-widget elementor-widget-text-editor\" data-id=\"bbf5907\" data-element_type=\"widget\" data-e-type=\"widget\" data-widget_type=\"text-editor.default\">\n\t\t\t\t<div class=\"elementor-widget-container\">\n\t\t\t\t\t\t\t\t\t<p>\u00abAmani\u00bb est mon deuxi\u00e8me nom et signifie \u00bbpaix\u00bb en swahili. \u00abArtsy Amani\u00bb sonnait simplement mieux que \u00abArtsy Lila\u00bb, ce qui explique la raison derri\u00e8re ce nom. \u00c0 travers cette compagnie, j'esp\u00e8re continuer d'illustrer, que ce soit des commissions personnels ou des plus gros projets. Je d\u00e9sire surtout illustrer des livres et couvertures de livre. Mes services t'int\u00e9ressent? N'h\u00e9site pas \u00e0 me contacter!<\/p>\t\t\t\t\t\t\t\t<\/div>\n\t\t\t\t<\/div>\n\t\t\t\t<div class=\"elementor-element elementor-element-99c9963 elementor-mobile-align-center elementor-widget elementor-widget-button\" data-id=\"99c9963\" data-element_type=\"widget\" data-e-type=\"widget\" data-widget_type=\"button.default\">\n\t\t\t\t<div class=\"elementor-widget-container\">\n\t\t\t\t\t\t\t\t\t<div class=\"elementor-button-wrapper\">\n\t\t\t\t\t<a class=\"elementor-button elementor-button-link elementor-size-sm elementor-animation-shrink\" href=\"\/fr\/contact\/\">\n\t\t\t\t\t\t<span class=\"elementor-button-content-wrapper\">\n\t\t\t\t\t\t\t\t\t<span class=\"elementor-button-text\">Contacte-moi<\/span>\n\t\t\t\t\t<\/span>\n\t\t\t\t\t<\/a>\n\t\t\t\t<\/div>\n\t\t\t\t\t\t\t\t<\/div>\n\t\t\t\t<\/div>\n\t\t\t\t\t<\/div>\n\t\t<\/div>\n\t\t\t\t\t<\/div>\n\t\t<\/section>\n\t\t\t\t<section class=\"elementor-section elementor-top-section elementor-element elementor-element-5225536 elementor-section-boxed elementor-section-height-default elementor-section-height-default\" data-id=\"5225536\" data-element_type=\"section\" data-e-type=\"section\">\n\t\t\t\t\t\t<div class=\"elementor-container elementor-column-gap-default\">\n\t\t\t\t\t<div class=\"elementor-column elementor-col-100 elementor-top-column elementor-element elementor-element-5b79580\" data-id=\"5b79580\" data-element_type=\"column\" data-e-type=\"column\">\n\t\t\t<div class=\"elementor-widget-wrap elementor-element-populated\">\n\t\t\t\t\t\t<div class=\"elementor-element elementor-element-05f1ea1 elementor-widget elementor-widget-spacer\" data-id=\"05f1ea1\" data-element_type=\"widget\" data-e-type=\"widget\" data-widget_type=\"spacer.default\">\n\t\t\t\t<div class=\"elementor-widget-container\">\n\t\t\t\t\t\t\t<div class=\"elementor-spacer\">\n\t\t\t<div class=\"elementor-spacer-inner\"><\/div>\n\t\t<\/div>\n\t\t\t\t\t\t<\/div>\n\t\t\t\t<\/div>\n\t\t\t\t\t<\/div>\n\t\t<\/div>\n\t\t\t\t\t<\/div>\n\t\t<\/section>\n\t\t\t\t<\/div>","protected":false},"excerpt":{"rendered":"<p>About me Learn about my story Where it started&#8230; Born from a Congolese father and a Kenyan mother in the&hellip;<\/p>","protected":false},"author":1,"featured_media":0,"parent":0,"menu_order":0,"comment_status":"closed","ping_status":"closed","template":"elementor_header_footer","meta":{"_monsterinsights_skip_tracking":false,"_monsterinsights_sitenote_active":false,"_monsterinsights_sitenote_note":"","_monsterinsights_sitenote_category":0,"footnotes":""},"class_list":{"0":"post-170","1":"page","2":"type-page","3":"status-publish","5":"entry"},"aioseo_notices":[],"_links":{"self":[{"href":"https:\/\/artsyamani.com\/fr\/wp-json\/wp\/v2\/pages\/170","targetHints":{"allow":["GET"]}}],"collection":[{"href":"https:\/\/artsyamani.com\/fr\/wp-json\/wp\/v2\/pages"}],"about":[{"href":"https:\/\/artsyamani.com\/fr\/wp-json\/wp\/v2\/types\/page"}],"author":[{"embeddable":true,"href":"https:\/\/artsyamani.com\/fr\/wp-json\/wp\/v2\/users\/1"}],"replies":[{"embeddable":true,"href":"https:\/\/artsyamani.com\/fr\/wp-json\/wp\/v2\/comments?post=170"}],"version-history":[{"count":98,"href":"https:\/\/artsyamani.com\/fr\/wp-json\/wp\/v2\/pages\/170\/revisions"}],"predecessor-version":[{"id":4339,"href":"https:\/\/artsyamani.com\/fr\/wp-json\/wp\/v2\/pages\/170\/revisions\/4339"}],"wp:attachment":[{"href":"https:\/\/artsyamani.com\/fr\/wp-json\/wp\/v2\/media?parent=170"}],"curies":[{"name":"wp","href":"https:\/\/api.w.org\/{rel}","templated":true}]}}