{"id":3263,"date":"2022-07-29T15:01:12","date_gmt":"2022-07-29T15:01:12","guid":{"rendered":"http:\/\/artsyamani.com\/?page_id=3263"},"modified":"2022-10-10T22:56:29","modified_gmt":"2022-10-10T22:56:29","slug":"terms-and-conditions","status":"publish","type":"page","link":"https:\/\/artsyamani.com\/fr\/terms-and-conditions\/","title":{"rendered":"Terms and conditions"},"content":{"rendered":"<div data-elementor-type=\"wp-page\" data-elementor-id=\"3263\" class=\"elementor elementor-3263\">\n\t\t\t\t\t\t<section class=\"elementor-section elementor-top-section elementor-element elementor-element-670ef6b4 elementor-section-boxed elementor-section-height-default elementor-section-height-default\" data-id=\"670ef6b4\" data-element_type=\"section\" data-e-type=\"section\" data-settings=\"{&quot;background_background&quot;:&quot;classic&quot;}\">\n\t\t\t\t\t\t\t<div class=\"elementor-background-overlay\"><\/div>\n\t\t\t\t\t\t\t<div class=\"elementor-container elementor-column-gap-default\">\n\t\t\t\t\t<div class=\"elementor-column elementor-col-100 elementor-top-column elementor-element elementor-element-614b4cb1\" data-id=\"614b4cb1\" data-element_type=\"column\" data-e-type=\"column\">\n\t\t\t<div class=\"elementor-widget-wrap elementor-element-populated\">\n\t\t\t\t\t\t<div class=\"elementor-element elementor-element-2b7a4bf5 elementor-widget elementor-widget-text-editor\" data-id=\"2b7a4bf5\" data-element_type=\"widget\" data-e-type=\"widget\" data-widget_type=\"text-editor.default\">\n\t\t\t\t<div class=\"elementor-widget-container\">\n\t\t\t\t\t\t\t\t\tConditions d'utilisation\t\t\t\t\t\t\t\t<\/div>\n\t\t\t\t<\/div>\n\t\t\t\t<div class=\"elementor-element elementor-element-43bec55d elementor-widget elementor-widget-heading\" data-id=\"43bec55d\" data-element_type=\"widget\" data-e-type=\"widget\" data-widget_type=\"heading.default\">\n\t\t\t\t<div class=\"elementor-widget-container\">\n\t\t\t\t\t<h2 class=\"elementor-heading-title elementor-size-default\">Notre accord avec vous<\/h2>\t\t\t\t<\/div>\n\t\t\t\t<\/div>\n\t\t\t\t\t<\/div>\n\t\t<\/div>\n\t\t\t\t\t<\/div>\n\t\t<\/section>\n\t\t\t\t<section class=\"elementor-section elementor-top-section elementor-element elementor-element-67da7c2c elementor-section-boxed elementor-section-height-default elementor-section-height-default\" data-id=\"67da7c2c\" data-element_type=\"section\" data-e-type=\"section\">\n\t\t\t\t\t\t<div class=\"elementor-container elementor-column-gap-default\">\n\t\t\t\t\t<div class=\"elementor-column elementor-col-100 elementor-top-column elementor-element elementor-element-6e584852\" data-id=\"6e584852\" data-element_type=\"column\" data-e-type=\"column\">\n\t\t\t<div class=\"elementor-widget-wrap elementor-element-populated\">\n\t\t\t\t\t\t<div class=\"elementor-element elementor-element-5cb1a5af elementor-widget elementor-widget-text-editor\" data-id=\"5cb1a5af\" data-element_type=\"widget\" data-e-type=\"widget\" data-widget_type=\"text-editor.default\">\n\t\t\t\t<div class=\"elementor-widget-container\">\n\t\t\t\t\t\t\t\t\t<p>Ce site web sert principalement comme portfolio artistique pour Artsy Amani. Les clients peuvent regarder diverses \u0153uvres, que ce soit des portraits ou des bandes dessin\u00e9es. Ils peuvent \u00e9galement acheter des affiches encadr\u00e9es \u00e0 travers le magasin. Enfin, les utilisateurs du site peuvent avoir un aper\u00e7u du monde de l\u2019illustration \u00e0 travers la section blogue o\u00f9 plusieurs publications traitent de ce sujet. L\u2019op\u00e9ratrice du site web ainsi que les utilisateurs du site web doivent se soumettre aux Conditions d\u2019utilisation. \u00a0<\/p><p><strong>1. Utilisation des oeuvres<\/strong><br \/>Toutes les \u0153uvres sur ce site web sont la propri\u00e9t\u00e9 de Artsy Amani. Elles sont soumises \u00e0 des droits d\u2019auteur et ne peuvent \u00eatre utilis\u00e9es \u00e0 des fins personnelles ou commerciales, peu importe la forme. Les utilisateurs du site ne peuvent s\u2019approprier aucune des \u0153uvres sur ce site web, modifi\u00e9es ou non. Cependant, les \u0153uvres qui ont \u00e9t\u00e9 vendues \u00e0 un client peuvent \u00eatre utilis\u00e9es par le client de la mani\u00e8re qui leur convient.<\/p><p><strong>2. Contenu du site web<\/strong><br \/>Tout le contenu, incluant les images, publi\u00e9 sur le site artsyamani.com, est la propri\u00e9t\u00e9 de Artsy Amani et est soumis \u00e0 des droits d\u2019auteur. Tout contenu du site qui est reproduit doit d\u2019abord \u00eatre autoris\u00e9 et clairement r\u00e9f\u00e9r\u00e9 \u00e0 la source. Le contenu sur le site Artsy Amani ne peut \u00eatre utilis\u00e9 ou exploit\u00e9 pour des fins commerciales et personnelles sans d\u2019abord recevoir l\u2019accord \u00e9crit de Artsy Amani. Artsy Amani n\u2019est pas responsable des liens externes pr\u00e9sents sur le site. C\u2019est la responsabilit\u00e9 des utilisateurs du site web de d\u00e9cider s\u2019ils veulent acc\u00e9der \u00e0 ces liens et comment ils veulent interagir avec eux.\u00a0<\/p><p><strong style=\"background-color: var(--white-color); color: var(--primary-text-color);\">3. Commissions <br \/><\/strong>Toute demande de commission doit \u00eatre soumise \u00e0 travers le formulaire de contact sur la <a href=\"http:\/\/artsyamani.com\/fr\/contact\/\">page de contact<\/a>. Les clients doivent garder en t\u00eate les directives suivantes lorsqu\u2019ils soumettent leur demande:<\/p><ul><li><span style=\"text-decoration: underline;\">3.1<\/span>: Pour les portraits, assurez-vous s\u2019il vous pla\u00eet d\u2019envoyer une image montrant un aper\u00e7u clair de la t\u00eate ainsi qu\u2019un arri\u00e8re-plan simple. Vous pouvez vous r\u00e9f\u00e9rer \u00e0 l\u2019onglet \u00abPortraits\u00bb sur <a href=\"https:\/\/artsyamani.com\/fr\/my-portfolio\/\">mon portfolio<\/a>\u00a0<\/li><li><span style=\"text-decoration: underline;\">3.2<\/span>: Pour les illustrations individuelles, fournissez s\u2019il vous pla\u00eet une description d\u00e9taill\u00e9e de l'\u0153uvre d\u00e9sir\u00e9e. Nous vous contacterons pour discuter plus en profondeur et vous pr\u00e9senter des sketchs initiaux<\/li><li><span style=\"text-decoration: underline;\">3.3<\/span>: Pour les bandes dessin\u00e9es, veuillez sp\u00e9cifier si vous d\u00e9sirez qu\u2019elles soient en couleur ou en noir et blanc, imprim\u00e9es ou en version num\u00e9rique, ainsi que la longueur des bandes dessin\u00e9es<\/li><\/ul><p>Veuillez aussi noter que Artsy Amani se r\u00e9serve le droit de refuser toute commission qui est sexuelle, offensante ou vulgaire d\u2019une quelconque fa\u00e7on.<\/p><p><strong>4. Prix<\/strong><br \/>Le prix pour les portraits peut varier si: a) le portrait doit \u00eatre imprim\u00e9, encadr\u00e9 et\/ou livr\u00e9; b) il y a plus d\u2019une personne \u00e0 dessiner dans l'\u0153uvre. Les prix pour les illustrations et bandes dessin\u00e9es peuvent varier selon la complexit\u00e9 de l'\u0153uvre ou des \u0153uvres. Un contrat stipulant clairement les obligations des deux partis et incluant le prix de la commission sera communiqu\u00e9 au client avant de commencer le projet.\u00a0<br \/>Artsy Amani se r\u00e9serve le droit de changer ou de ne plus vendre, temporairement ou de mani\u00e8re permanente, n\u2019importe quel produit vendu sur le site sans pr\u00e9avis \u00e0 n\u2019importe quel moment et de temps en temps. Les prix de tous les produits peuvent changer \u00e0 n\u2019importe quel moment.<br \/><strong><br \/>5. Livraison<\/strong><br \/>Pr\u00e9sentement, les illustrations sont seulement livr\u00e9es au Canada et aux \u00c9tats-Unis. Les affiches encadr\u00e9es sont manufactur\u00e9es et livr\u00e9es par une tierce partie ayant un bureau dans chacun de ces pays. De ce fait, les \u0153uvres peuvent prendre approximativement cinq (5) \u00e0 huit (8) jours ouvrables pour \u00eatre livr\u00e9es. Notez qu\u2019il s\u2019agit ici d\u2019estimations et que le temps de livraison peut changer. Si votre commande n\u2019est toujours pas arriv\u00e9e apr\u00e8s quinze (15) jours ouvrables, veuillez <a href=\"http:\/\/artsyamani.com\/fr\/contact\/\">contacter Artsy Amani<\/a>.\u00a0 \u00a0<br \/><strong><br \/>6. Politique de remboursement<\/strong><br \/>Artsy Amani ne fournit aucun remboursement pour un produit vendu. En achetant un produit sur ce site web, les clients comprennent et acceptent la politique de non-remboursement.\u00a0<br \/><strong><br \/>7. Garantie<\/strong><br \/>Les produits vendus sur ce site sont fournis sans garantie, qu\u2019elle soit explicite ou implicite. Artsy Amani n\u2019est pas tenu responsable pour tout dommage incluant, mais n\u2019\u00e9tant pas limit\u00e9 \u00e0 des dommages directs, indirects, accidentels ou cons\u00e9quentiels ou toute autre perte durant la livraison des produits.<br \/><strong><br \/>8. Netiquette\u00a0<br \/><\/strong>Les utilisateurs du site web sont autoris\u00e9s \u00e0 laisser des avis sur ce site. Cependant, tout commentaire jug\u00e9 d\u00e9nigrant, insultant ou inappropri\u00e9 d\u2019une mani\u00e8re quelconque sera supprim\u00e9. Les utilisateurs du site ont la responsabilit\u00e9 de s\u2019assurer que leurs avis sont respectueux et en aucune mani\u00e8re offensants au public.\u00a0<\/p><p><strong>9. Limitation de responsabilit\u00e9 <br \/><\/strong>L\u2019information fournie dans les publications sur le blogue est, pour la plupart, bas\u00e9e sur l\u2019exp\u00e9rience de l\u2019artiste. Les publications sont pour des fins informatives et n\u2019expriment aucune garantie ni n\u2019assument la responsabilit\u00e9 pour la justesse, compl\u00e9tude et utilit\u00e9 de l\u2019information fournie, incluant les liens vers d\u2019autres sites web.<\/p><p><strong>10. Politique de confidentialit\u00e9<\/strong>\u00a0<br \/>Toute l\u2019information des utilisateurs du site web est prot\u00e9g\u00e9e par la <a href=\"https:\/\/artsyamani.com\/fr\/store\/privacy-policy\/\">Politique de confidentialit\u00e9<\/a> de ce site web.<\/p><p><strong>11. Arbitrage <\/strong><br \/>Dans le cas d\u2019une dispute entre un client et l\u2019artiste, ou si l\u2019un des partis ne respecte pas sa part du contrat, la proc\u00e9dure l\u00e9gale \u00e0 suivre sera de mettre en vigueur\u00a0<em>La loi sur l\u2019arbitrage de l\u2019Ontario\u00a0<\/em>et\/ou <em>Le Code canadien de pratiques pour la protection des consommateurs dans le commerce \u00e9lectronique.\u00a0<\/em><\/p><p><strong>12. Acceptation des Conditions d'utilisation<\/strong><br \/>En utilisant ce site, l\u2019utilisateur accepte les conditions d\u2019utilisation susmentionn\u00e9es et doit s\u2019y soumettre. Veuillez noter que Artsy Amani se r\u00e9serve le droit de changer ou modifier les pr\u00e9sentes Conditions d\u2019utilisation sans pr\u00e9avis.\u00a0<\/p>\t\t\t\t\t\t\t\t<\/div>\n\t\t\t\t<\/div>\n\t\t\t\t\t<\/div>\n\t\t<\/div>\n\t\t\t\t\t<\/div>\n\t\t<\/section>\n\t\t\t\t<\/div>","protected":false},"excerpt":{"rendered":"<p>Terms &#038; COnditions Our agreement with you This website mainly serves as an artist portfolio for Artsy Amani. Clients can&hellip;<\/p>","protected":false},"author":1,"featured_media":0,"parent":0,"menu_order":0,"comment_status":"closed","ping_status":"closed","template":"","meta":{"_monsterinsights_skip_tracking":false,"_monsterinsights_sitenote_active":false,"_monsterinsights_sitenote_note":"","_monsterinsights_sitenote_category":0,"footnotes":""},"class_list":{"0":"post-3263","1":"page","2":"type-page","3":"status-publish","5":"entry"},"aioseo_notices":[],"_links":{"self":[{"href":"https:\/\/artsyamani.com\/fr\/wp-json\/wp\/v2\/pages\/3263","targetHints":{"allow":["GET"]}}],"collection":[{"href":"https:\/\/artsyamani.com\/fr\/wp-json\/wp\/v2\/pages"}],"about":[{"href":"https:\/\/artsyamani.com\/fr\/wp-json\/wp\/v2\/types\/page"}],"author":[{"embeddable":true,"href":"https:\/\/artsyamani.com\/fr\/wp-json\/wp\/v2\/users\/1"}],"replies":[{"embeddable":true,"href":"https:\/\/artsyamani.com\/fr\/wp-json\/wp\/v2\/comments?post=3263"}],"version-history":[{"count":64,"href":"https:\/\/artsyamani.com\/fr\/wp-json\/wp\/v2\/pages\/3263\/revisions"}],"predecessor-version":[{"id":4350,"href":"https:\/\/artsyamani.com\/fr\/wp-json\/wp\/v2\/pages\/3263\/revisions\/4350"}],"wp:attachment":[{"href":"https:\/\/artsyamani.com\/fr\/wp-json\/wp\/v2\/media?parent=3263"}],"curies":[{"name":"wp","href":"https:\/\/api.w.org\/{rel}","templated":true}]}}