{"id":3655,"date":"2022-08-06T16:42:40","date_gmt":"2022-08-06T16:42:40","guid":{"rendered":"https:\/\/artsyamani.com\/?page_id=3655"},"modified":"2022-10-13T16:08:54","modified_gmt":"2022-10-13T16:08:54","slug":"privacy-policy","status":"publish","type":"page","link":"https:\/\/artsyamani.com\/fr\/store\/privacy-policy\/","title":{"rendered":"Politique de confidentialit\u00e9"},"content":{"rendered":"<div data-elementor-type=\"wp-page\" data-elementor-id=\"3655\" class=\"elementor elementor-3655\">\n\t\t\t\t\t\t<section class=\"elementor-section elementor-top-section elementor-element elementor-element-47bd37d1 elementor-section-boxed elementor-section-height-default elementor-section-height-default\" data-id=\"47bd37d1\" data-element_type=\"section\" data-e-type=\"section\" data-settings=\"{&quot;background_background&quot;:&quot;classic&quot;}\">\n\t\t\t\t\t\t\t<div class=\"elementor-background-overlay\"><\/div>\n\t\t\t\t\t\t\t<div class=\"elementor-container elementor-column-gap-default\">\n\t\t\t\t\t<div class=\"elementor-column elementor-col-100 elementor-top-column elementor-element elementor-element-6faab571\" data-id=\"6faab571\" data-element_type=\"column\" data-e-type=\"column\">\n\t\t\t<div class=\"elementor-widget-wrap elementor-element-populated\">\n\t\t\t\t\t\t<div class=\"elementor-element elementor-element-436a866e elementor-widget elementor-widget-text-editor\" data-id=\"436a866e\" data-element_type=\"widget\" data-e-type=\"widget\" data-widget_type=\"text-editor.default\">\n\t\t\t\t<div class=\"elementor-widget-container\">\n\t\t\t\t\t\t\t\t\tPolitique de confidentialit\u00e9\t\t\t\t\t\t\t\t<\/div>\n\t\t\t\t<\/div>\n\t\t\t\t<div class=\"elementor-element elementor-element-7a5fcc1b elementor-widget elementor-widget-heading\" data-id=\"7a5fcc1b\" data-element_type=\"widget\" data-e-type=\"widget\" data-widget_type=\"heading.default\">\n\t\t\t\t<div class=\"elementor-widget-container\">\n\t\t\t\t\t<h2 class=\"elementor-heading-title elementor-size-default\">Artsy Amani prend la protection des donn\u00e9es tr\u00e8s au s\u00e9rieux<\/h2>\t\t\t\t<\/div>\n\t\t\t\t<\/div>\n\t\t\t\t\t<\/div>\n\t\t<\/div>\n\t\t\t\t\t<\/div>\n\t\t<\/section>\n\t\t\t\t<section class=\"elementor-section elementor-top-section elementor-element elementor-element-c81a9f elementor-section-boxed elementor-section-height-default elementor-section-height-default\" data-id=\"c81a9f\" data-element_type=\"section\" data-e-type=\"section\">\n\t\t\t\t\t\t<div class=\"elementor-container elementor-column-gap-default\">\n\t\t\t\t\t<div class=\"elementor-column elementor-col-100 elementor-top-column elementor-element elementor-element-7bc3b214\" data-id=\"7bc3b214\" data-element_type=\"column\" data-e-type=\"column\">\n\t\t\t<div class=\"elementor-widget-wrap elementor-element-populated\">\n\t\t\t\t\t\t<div class=\"elementor-element elementor-element-46dafa8f elementor-widget elementor-widget-text-editor\" data-id=\"46dafa8f\" data-element_type=\"widget\" data-e-type=\"widget\" data-widget_type=\"text-editor.default\">\n\t\t\t\t<div class=\"elementor-widget-container\">\n\t\t\t\t\t\t\t\t\t<p>Artsy Amani prend la protection des donn\u00e9es tr\u00e8s au s\u00e9rieux et reconna\u00eet l\u2019importance de prot\u00e9ger et respecter vos donn\u00e9es personnelles. Cette Politique de confidentialit\u00e9 d\u00e9crit l\u2019information que nous collectons, comment nous utilisons cette information, \u00e0 qui nous passons cette information, vos droits ainsi que l\u2019information pour nous contacter.<\/p><p><strong>1. Aper\u00e7u<br \/><\/strong>Pour vous fournir les meilleurs services, nous avons besoin de collecter votre information. Notre but n\u2019est pas d\u2019\u00eatre intrusifs, et nous ne vous poserons aucune question non pertinente. Toute information que nous recevons \u00e0 votre sujet sera strictement contr\u00f4l\u00e9e pour minimiser les risques d\u2019abus - incluant un acc\u00e8s non autoris\u00e9 \u00e0, ou la promulgation de, vos donn\u00e9es personnelles.<br \/>Veuillez s\u2019il vous pla\u00eet lire ce document attentivement de pair avec nos\u00a0<a href=\"https:\/\/artsyamani.com\/fr\/terms-and-conditions\/\">Conditions d'utilisation<\/a> ainsi que tout autre document qui y est r\u00e9f\u00e9r\u00e9. Ici, nous pr\u00e9sentons le fait que toute information que nous collectons \u00e0 propos de vous ou de vous sera trait\u00e9e par nous ainsi que d\u2019autres partis afin de vous fournir les services disponibles \u00e0 travers ce site web. Artsy Amani s\u2019engage \u00e0 utiliser votre information seulement en accord avec les conditions de cette Politique de confidentialit\u00e9.<br \/>En visitant ce site web ou en nous fournissant votre information personnelle, vous acceptez et consentez de mani\u00e8re explicite \u00e0 ce que nous utilisions votre information personnelle de la mani\u00e8re d\u00e9crite dans cette Politique de confidentialit\u00e9.<br \/>Cela inclut les informations que vous nous procurez lorsque vous vous abonnez \u00e0 notre infolettre, soumettez un formulaire de contact, achetez un produit ou laissez un avis.\u00a0<\/p><p><strong>2. D\u00e9finitions<\/strong><br \/>Aux fins de cette Politique de confidentialit\u00e9, voici quelques d\u00e9finitions \u00e0 retenir:<\/p><ul><li><span style=\"text-decoration: underline;\"><span style=\"text-decoration: underline;\">\u00ab Compagnie \u00bb<\/span><\/span>\u00a0(aussi r\u00e9f\u00e9r\u00e9 sous les termes \u00ab nous \u00bb ou \u00ab notre \u00bb) se r\u00e9f\u00e8re \u00e0 Artsy Amani. Aux fins du RGPD (R\u00e8glement g\u00e9n\u00e9ral sur la protection des donn\u00e9es), la Compagnie est le contr\u00f4leur de donn\u00e9es. Aux fins de la LCPVPC (Loi californienne sur la protection de la vie priv\u00e9e des consommateurs), la Compagnie est l\u2019entit\u00e9 juridique qui collecte l\u2019information personnelle du consommateur (vous) et d\u00e9termine les utilit\u00e9s et moyens de traiter cette information<\/li><li><span style=\"text-decoration: underline;\"><span style=\"text-decoration: underline;\">\u00ab Consommateur \u00bb <\/span><\/span>(aussi r\u00e9f\u00e9r\u00e9 sous les termes \u00ab utilisateur du site web \u00bb, \u00ab client \u00bb ou \u00ab vous \u00bb) se r\u00e9f\u00e8re \u00e0 tout individu qui interagit avec ce site web<\/li><li><span style=\"text-decoration: underline;\">\u00ab Information \u00bb<\/span> signifie toute donn\u00e9e confidentielle et\/ou personnelle ainsi que toute autre information li\u00e9e aux utilisateurs de Artsy Amani - incluant, mais n\u2019\u00e9tant pas limit\u00e9 \u00e0, des clients individuels ou corporatifs ainsi que leurs tierces parties. Aux fins du RGPD, c\u2019est l\u2019information vous concernant comme votre nom, num\u00e9ro d\u2019identification, lieu, identifiant en ligne. Aux fins de la LCPVPC, c\u2019est toute information qui identifie, est li\u00e9e \u00e0, d\u00e9crit ou peut \u00eatre associ\u00e9e avec, de mani\u00e8re directe ou indirecte, vous<\/li><li><span style=\"text-decoration: underline;\">\u00ab Fournisseur de services \u00bb<\/span>\u00a0signifie toute personne naturelle ou l\u00e9gale qui traite les donn\u00e9es au nom de la Compagnie. \u00c7a se r\u00e9f\u00e8re aux tierces parties, que ce soit des individus ou compagnies, employ\u00e9s par la Compagnie pour faciliter le service, pour fournir le service au nom de la Compagnie ou pour assister la Compagnie dans l\u2019analyse de la mani\u00e8re dont le service est utilis\u00e9. Aux fins du RGPD, les fournisseurs de services sont les traiteurs de donn\u00e9es<\/li><\/ul><p><strong>3. Quelles informations collectons-nous?<br \/><\/strong>Nous collectons et traitons l\u2019information que vous nous fournissez. Vous pouvez nous fournir de l\u2019information de diverses mani\u00e8res. Pour vous abonner \u00e0 notre infolettre ou pour soumettre un formulaire de contact, vous devez fournir votre nom et adresse courriel. Pour acheter un produit sur ce site, vous devez fournir les informations susmentionn\u00e9es, ainsi que votre adresse postale, vos informations bancaires (incluant le long num\u00e9ro, la date d\u2019expiration ainsi que le code de s\u00e9curit\u00e9 (CVV\/CVC)) et votre num\u00e9ro de t\u00e9l\u00e9phone (optionnel).\u00a0<br \/>Lorsque vous communiquez avec nous pour obtenir un service ou pour d\u2019autres raisons, nous retenons cette information ainsi que nos r\u00e9ponses. Lorsque vous laissez un avis sur un produit en guise de contribution \u00e0 notre site web, cette information est aussi collect\u00e9e. Si \u00e0 n\u2019importe quel moment vous d\u00e9sirez savoir quelle information nous avons \u00e0 votre sujet, vous pouvez soumettre une requ\u00eate \u00e0 travers notre <a href=\"http:\/\/artsyamani.com\/fr\/contact\/\">formulaire de contact<\/a>.\u00a0<\/p><p><strong>4. Comment collectons-nous votre information? <br \/><\/strong>Nous collectons l\u2019information que vous nous fournissez \u00e0 travers votre abonnement \u00e0 notre infolettre, vos formulaires de contact, vos transactions bancaires et vos avis.\u00a0<\/p><p><strong>5. Pourquoi collectons-nous votre information?<\/strong><br \/>Nous avons besoin de collecter votre information principalement pour vous contacter. Lorsque vous nous fournissez votre adresse courriel pour vous abonner \u00e0 notre infolettre, nous pouvons alors vous envoyer des offres promotionnelles ainsi que des mises \u00e0 jour sur Artsy Amani. De plus, si vous nous posez une question \u00e0 travers notre formulaire de contact, nous pouvons vous r\u00e9pondre en utilisant l\u2019adresse courriel que vous nous avez fournie. Votre adresse postale est n\u00e9cessaire pour vous envoyer votre produit et pour s\u2019assurer que le produit est factur\u00e9 \u00e0 la bonne personne. Vos avis nous permettent d\u2019am\u00e9liorer nos produits ainsi que le contenu g\u00e9n\u00e9ral pr\u00e9sent\u00e9 sur ce site web et l\u2019exp\u00e9rience g\u00e9n\u00e9rale des utilisateurs du site web.<\/p><p><strong>6. Est-ce qu'il y a des tierces parties qui ont acc\u00e8s \u00e0 votre information?<\/strong><br \/>Il y a quelques tierces parties qui ont acc\u00e8s \u00e0 votre information, notamment: a) <a href=\"https:\/\/www.mailerlite.com\/legal\/privacy-policy\">Mailerlite<\/a>, le fournisseur de service pour notre infolettre; b) <a href=\"https:\/\/stripe.com\/en-ca\/privacy\">Stripe<\/a>, l\u2019une de nos plateformes pour le traitement de paiements; c) <a href=\"https:\/\/www.paypal.com\/myaccount\/privacy\/privacyhub\">PayPal<\/a>, une autre plateforme pour les traitements de paiement; d) Google Listings and Ads, qui nous fournit des rapports sur le comportement des utilisateurs du site web. Cette Politique de confidentialit\u00e9 est aussi en r\u00e8gle avec les politiques de confidentialit\u00e9 des tierces parties susmentionn\u00e9es. Si vous d\u00e9sirez en savoir plus sur les politiques de confidentialit\u00e9 de chacune de ces tierces parties, vous pouvez cliquer sur leurs liens respectifs.\u00a0<\/p><p><strong>7. Comment ne plus avoir votre information collect\u00e9e?<\/strong><br \/>Si \u00e0 un moment donn\u00e9 vous ne d\u00e9sirez plus que Artsy Amani ait acc\u00e8s \u00e0 votre information, vous avez quelques options. Si vous vous \u00eates abonn\u00e9 \u00e0 notre infolettre, vous pouvez simplement cliquer sur le bouton \u00abUnsubscribe\u00bb qui appara\u00eet au bas de chaque infolettre. Ainsi, Artsy Amani ne pourra plus vous contacter pour vous envoyer des offres promotionnelles. Nous n\u2019avons pas le droit d\u2019envoyer des courriels non d\u00e9sir\u00e9s.\u00a0<br \/>Si vous ne d\u00e9sirez plus que Artsy Amani ait acc\u00e8s \u00e0 votre nom et courriel, veuillez s\u2019il vous pla\u00eet nous en faire part en soumettant une requ\u00eate \u00e0 travers notre <a href=\"https:\/\/artsyamani.com\/fr\/contact\/\">formulaire de contact<\/a>.\u00a0\u00a0<\/p><p><strong>8. Certificat CSS<\/strong><br \/>Le site web Artsy Amani est certifi\u00e9 avec une CSS (Couche de socket s\u00e9curis\u00e9e). CSS est la technologie standard pour assurer une connexion internet s\u00e9curis\u00e9e. \u00c7a prot\u00e8ge \u00e9galement vos donn\u00e9es confidentielles pour emp\u00eacher les criminels de lire ou modifier toute information que vous nous fournissez. Vous pouvez constater que votre connexion est s\u00e9curis\u00e9e en apercevant l\u2019ic\u00f4ne d\u2019un cadenas dans le coin en haut \u00e0 gauche de votre \u00e9cran o\u00f9 se situe la barre de recherche.\u00a0<\/p><p><strong>9. Action juridique<\/strong><br \/>Cette politique de confidentialit\u00e9 est en r\u00e8gle avec la LPRPDE (<em>Loi sur la protection des renseignements personnels et les documents \u00e9lectroniques<\/em>) du Canada. Toute action l\u00e9gale doit \u00eatre prise en accord avec cette loi.\u00a0<\/p><p><strong>10. Contact<\/strong><br \/>Si vous d\u00e9sirez \u00e0 n\u2019importe quel moment entrer en contact avec Artsy Amani au sujet de cette politique de confidentialit\u00e9, vous pouvez le faire en soumettant un formulaire sur la <a href=\"http:\/\/artsyamani.com\/fr\/contact\/\">page de contact<\/a>.\u00a0<\/p>\t\t\t\t\t\t\t\t<\/div>\n\t\t\t\t<\/div>\n\t\t\t\t\t<\/div>\n\t\t<\/div>\n\t\t\t\t\t<\/div>\n\t\t<\/section>\n\t\t\t\t<\/div>","protected":false},"excerpt":{"rendered":"<p>Privacy Policy Artsy Amani takes data privacy very seriously Artsy Amani takes data privacy very seriously and recognises the importance&hellip;<\/p>","protected":false},"author":1,"featured_media":0,"parent":3281,"menu_order":0,"comment_status":"closed","ping_status":"closed","template":"","meta":{"_monsterinsights_skip_tracking":false,"_monsterinsights_sitenote_active":false,"_monsterinsights_sitenote_note":"","_monsterinsights_sitenote_category":0,"footnotes":""},"class_list":{"0":"post-3655","1":"page","2":"type-page","3":"status-publish","5":"entry"},"aioseo_notices":[],"_links":{"self":[{"href":"https:\/\/artsyamani.com\/fr\/wp-json\/wp\/v2\/pages\/3655","targetHints":{"allow":["GET"]}}],"collection":[{"href":"https:\/\/artsyamani.com\/fr\/wp-json\/wp\/v2\/pages"}],"about":[{"href":"https:\/\/artsyamani.com\/fr\/wp-json\/wp\/v2\/types\/page"}],"author":[{"embeddable":true,"href":"https:\/\/artsyamani.com\/fr\/wp-json\/wp\/v2\/users\/1"}],"replies":[{"embeddable":true,"href":"https:\/\/artsyamani.com\/fr\/wp-json\/wp\/v2\/comments?post=3655"}],"version-history":[{"count":56,"href":"https:\/\/artsyamani.com\/fr\/wp-json\/wp\/v2\/pages\/3655\/revisions"}],"predecessor-version":[{"id":4363,"href":"https:\/\/artsyamani.com\/fr\/wp-json\/wp\/v2\/pages\/3655\/revisions\/4363"}],"up":[{"embeddable":true,"href":"https:\/\/artsyamani.com\/fr\/wp-json\/wp\/v2\/pages\/3281"}],"wp:attachment":[{"href":"https:\/\/artsyamani.com\/fr\/wp-json\/wp\/v2\/media?parent=3655"}],"curies":[{"name":"wp","href":"https:\/\/api.w.org\/{rel}","templated":true}]}}