{"id":4208,"date":"2022-08-11T14:49:16","date_gmt":"2022-08-11T14:49:16","guid":{"rendered":"https:\/\/artsyamani.com\/product\/doubt-1-2\/"},"modified":"2022-08-11T16:50:15","modified_gmt":"2022-08-11T16:50:15","slug":"doubt","status":"publish","type":"product","link":"https:\/\/artsyamani.com\/fr\/produit\/doubt\/","title":{"rendered":"Doute"},"content":{"rendered":"<p>Ajoute de la personnalit\u00e9 \u00e0 ta chambre avec cette affiche! Les tons sombres ajoutent de l'\u00e9l\u00e9gance et cr\u00e9ent un beau contraste avec les subtils reflets mauve.<br \/>\n\u2013 Papier de qualit\u00e9 de mus\u00e9e<br \/>\n\u2013 Tr\u00e8s beau cadre en aluminium<br \/>\n\u2013 Plexiglas transparent et rigide<br \/>\n\u2013 Inclut une trousse d'accrochage<br \/>\n\u2013 Pour utilisation int\u00e9rieure<br \/>\nLe cadre et l'affiche sont livr\u00e9s ensembles. L'affiche n'est pas assembl\u00e9e dans le cadre.<\/p>","protected":false},"excerpt":{"rendered":"<p>Affiche avec cadre 12\"x12\"<\/p>","protected":false},"featured_media":4209,"comment_status":"open","ping_status":"closed","template":"","meta":{"_monsterinsights_skip_tracking":false,"_monsterinsights_sitenote_active":false,"_monsterinsights_sitenote_note":"","_monsterinsights_sitenote_category":0},"product_brand":[],"product_cat":[45,67],"product_tag":[],"class_list":{"0":"post-4208","1":"product","2":"type-product","3":"status-publish","4":"has-post-thumbnail","6":"product_cat-decor","7":"product_cat-print","8":"entry","10":"first","11":"instock","12":"featured","13":"shipping-taxable","14":"purchasable","15":"product-type-simple"},"aioseo_notices":[],"_links":{"self":[{"href":"https:\/\/artsyamani.com\/fr\/wp-json\/wp\/v2\/product\/4208","targetHints":{"allow":["GET"]}}],"collection":[{"href":"https:\/\/artsyamani.com\/fr\/wp-json\/wp\/v2\/product"}],"about":[{"href":"https:\/\/artsyamani.com\/fr\/wp-json\/wp\/v2\/types\/product"}],"replies":[{"embeddable":true,"href":"https:\/\/artsyamani.com\/fr\/wp-json\/wp\/v2\/comments?post=4208"}],"wp:featuredmedia":[{"embeddable":true,"href":"https:\/\/artsyamani.com\/fr\/wp-json\/wp\/v2\/media\/4209"}],"wp:attachment":[{"href":"https:\/\/artsyamani.com\/fr\/wp-json\/wp\/v2\/media?parent=4208"}],"wp:term":[{"taxonomy":"product_brand","embeddable":true,"href":"https:\/\/artsyamani.com\/fr\/wp-json\/wp\/v2\/product_brand?post=4208"},{"taxonomy":"product_cat","embeddable":true,"href":"https:\/\/artsyamani.com\/fr\/wp-json\/wp\/v2\/product_cat?post=4208"},{"taxonomy":"product_tag","embeddable":true,"href":"https:\/\/artsyamani.com\/fr\/wp-json\/wp\/v2\/product_tag?post=4208"}],"curies":[{"name":"wp","href":"https:\/\/api.w.org\/{rel}","templated":true}]}}