{"id":4216,"date":"2022-08-11T14:59:23","date_gmt":"2022-08-11T14:59:23","guid":{"rendered":"https:\/\/artsyamani.com\/product\/purple-braids-1\/"},"modified":"2022-08-11T16:51:45","modified_gmt":"2022-08-11T16:51:45","slug":"purple-braids","status":"publish","type":"product","link":"https:\/\/artsyamani.com\/fr\/produit\/purple-braids\/","title":{"rendered":"Tresses mauves"},"content":{"rendered":"<p>Ajoute une touche unique \u00e0 ta d\u00e9coration murale avec cette affiche \u00e9clatante! La simplicit\u00e9 de l'oeuvre lui donne une belle allure sur un mur, une table ou une \u00e9tag\u00e8re.<br \/>\n\u2013 Papier de qualit\u00e9 de mus\u00e9e<br \/>\n\u2013 Tr\u00e8s beau cadre en aluminium<br \/>\n\u2013 Plexiglas transparent et rigide<br \/>\n\u2013 Inclut une trousse d'accrochage<br \/>\n\u2013 Pour utilisation int\u00e9rieure<br \/>\nLe cadre et l'affiche sont livr\u00e9s ensembles. L'affiche n'est pas assembl\u00e9e dans le cadre.<\/p>","protected":false},"excerpt":{"rendered":"<p>Affiche avec cadre 12\"x12\"<\/p>","protected":false},"featured_media":4217,"comment_status":"open","ping_status":"closed","template":"","meta":{"_monsterinsights_skip_tracking":false,"_monsterinsights_sitenote_active":false,"_monsterinsights_sitenote_note":"","_monsterinsights_sitenote_category":0},"product_brand":[],"product_cat":[45,67],"product_tag":[],"class_list":{"0":"post-4216","1":"product","2":"type-product","3":"status-publish","4":"has-post-thumbnail","6":"product_cat-decor","7":"product_cat-print","8":"entry","10":"first","11":"instock","12":"shipping-taxable","13":"purchasable","14":"product-type-simple"},"aioseo_notices":[],"_links":{"self":[{"href":"https:\/\/artsyamani.com\/fr\/wp-json\/wp\/v2\/product\/4216","targetHints":{"allow":["GET"]}}],"collection":[{"href":"https:\/\/artsyamani.com\/fr\/wp-json\/wp\/v2\/product"}],"about":[{"href":"https:\/\/artsyamani.com\/fr\/wp-json\/wp\/v2\/types\/product"}],"replies":[{"embeddable":true,"href":"https:\/\/artsyamani.com\/fr\/wp-json\/wp\/v2\/comments?post=4216"}],"wp:featuredmedia":[{"embeddable":true,"href":"https:\/\/artsyamani.com\/fr\/wp-json\/wp\/v2\/media\/4217"}],"wp:attachment":[{"href":"https:\/\/artsyamani.com\/fr\/wp-json\/wp\/v2\/media?parent=4216"}],"wp:term":[{"taxonomy":"product_brand","embeddable":true,"href":"https:\/\/artsyamani.com\/fr\/wp-json\/wp\/v2\/product_brand?post=4216"},{"taxonomy":"product_cat","embeddable":true,"href":"https:\/\/artsyamani.com\/fr\/wp-json\/wp\/v2\/product_cat?post=4216"},{"taxonomy":"product_tag","embeddable":true,"href":"https:\/\/artsyamani.com\/fr\/wp-json\/wp\/v2\/product_tag?post=4216"}],"curies":[{"name":"wp","href":"https:\/\/api.w.org\/{rel}","templated":true}]}}